{"id":2,"date":"2025-06-24T12:39:21","date_gmt":"2025-06-24T12:39:21","guid":{"rendered":"https:\/\/rosa.iq-sbs.de\/?page_id=2"},"modified":"2025-07-04T19:15:29","modified_gmt":"2025-07-04T19:15:29","slug":"sample-page","status":"publish","type":"page","link":"https:\/\/rosa.iq-sbs.de\/?page_id=2","title":{"rendered":"\u00dcber Florist Botique"},"content":{"rendered":"<div style=\"height:400pxpx;\" class=\"wp-block-themeisle-blocks-leaflet-map\" id=\"wp-block-themeisle-blocks-leaflet-map-303224ee\"><\/div>\n<script type=\"text\/javascript\">\n\t\/* <![CDATA[ *\/\n\t\tif ( ! window.themeisleLeafletMaps ) window.themeisleLeafletMaps =[];\n\t\twindow.themeisleLeafletMaps.push( { container: \"wp-block-themeisle-blocks-leaflet-map-303224ee\", attributes: {\"id\":\"wp-block-themeisle-blocks-leaflet-map-303224ee\",\"latitude\":\"51.29281429063109\",\"longitude\":\"9.452362060546877\",\"bbox\":\"9.443349838256838,51.29013054179616,9.461374282836916,51.295497882606945\",\"zoom\":17,\"location\":\"La Sagrada Familia, Barcelona, Spain\",\"height\":\"400px\",\"markers\":[],\"zoomControl\":true,\"draggable\":true,\"hasCustomCSS\":false,\"customCSS\":\"\",\"otterConditions\":[]} } );\n\t\/* ]]> *\/\n<\/script>\n\n\n\n<blockquote class=\"wp-block-quote is-layout-flow wp-block-quote-is-layout-flow\"><\/blockquote>\n\n\n\n<div class=\"wp-block-group is-nowrap is-layout-flex wp-container-core-group-is-layout-ad2f72ca wp-block-group-is-layout-flex\">\n<figure class=\"wp-block-image is-resized\"><img decoding=\"async\" src=\"https:\/\/web.telegram.org\/a\/img-apple-64\/1f4cd.png\" alt=\"\ud83d\udccd\" style=\"width:53px;height:auto\"\/><\/figure>\n\n\n\n<p><br>Heiligenberg str.26<br>34134 kassel<\/p>\n<\/div>\n\n\n\n<blockquote class=\"wp-block-quote is-layout-flow wp-block-quote-is-layout-flow\">\n<p> Wo die Sch\u00f6nheit der Blumen lebendig wird<\/p>\n\n\n\n<p>Bei Florist Boutique glauben wir, dass jede Blume eine Geschichte erz\u00e4hlt und jeder Blumenstrau\u00df eine Botschaft des Herzens ist. Von Anfang an ist unser Ziel nicht nur der Verkauf von Blumen, sondern das Schaffen unvergesslicher Erlebnisse f\u00fcr Sie und Ihre Liebsten. Mit Liebe, Sorgfalt und Kunst verwandeln wir Blumen in Kompositionen, die Gef\u00fchle auf wundersch\u00f6ne Weise ausdr\u00fccken.<\/p>\n\n\n\n<p>Warum Florist Boutique?<\/p>\n\n\n\n<p>Frische und hochwertige Blumen: Wir verwenden ausschlie\u00dflich die besten Blumen, damit unsere Str\u00e4u\u00dfe stets frisch und ansprechend sind.<\/p>\n\n\n\n<p>K\u00fcnstlerische Gestaltung: Unsere Floristik kombiniert Geschmack, Kreativit\u00e4t und Expertise, um die beste Farbharmonie, Form und Stimmung f\u00fcr Sie zu schaffen.<\/p>\n\n\n\n<p>Gro\u00dfe Auswahl: Von klassischen Rosenstr\u00e4u\u00dfen \u00fcber saisonale Blumen bis hin zu individuellen Str\u00e4u\u00dfen bieten wir vielf\u00e4ltige M\u00f6glichkeiten.<\/p>\n\n\n\n<p>Unsere besonderen Services:<\/p>\n\n\n\n<p>Lieferung in ganz Deutschland: Bestellen Sie einfach mindestens 24 Stunden im Voraus, und wir liefern Ihre frischen Blumen zuverl\u00e4ssig an jeden Ort in Deutschland.<\/p>\n\n\n\n<p>Schnelle und sichere Zustellung: In Zusammenarbeit mit unserem professionellen Team garantieren wir, dass Ihre Blumen p\u00fcnktlich und unversehrt bei Ihren Liebsten ankommen.<\/p>\n\n\n\n<p>Personalisierte Gru\u00dfkarte: F\u00fcgen Sie Ihrer Bestellung gerne eine Gru\u00dfkarte mit Ihrem pers\u00f6nlichen Text hinzu, um Ihre Botschaft noch herzlicher zu \u00fcbermitteln.<\/p>\n\n\n\n<p>Freundlicher und hilfsbereiter Kundenservice: Unser Team steht Ihnen jederzeit f\u00fcr Beratung und Unterst\u00fctzung zur Verf\u00fcgung.<\/p>\n\n\n\n<p>Unsere Mission<\/p>\n\n\n\n<p>Wir m\u00f6chten mehr als nur ein Blumengesch\u00e4ft sein \u2013 wir wollen Sie in Ihren Momenten von Freude, Trauer, Dankbarkeit und Liebe begleiten. Unsere Blumen sind Br\u00fccken, die Herzen verbinden und Erinnerungen unvergesslich machen.<\/p>\n\n\n\n<p>&nbsp;Die Wahl von Florist Boutique bedeutet Qualit\u00e4t, Liebe und Vertrauen. Wir sind stolz darauf, ein Teil Ihrer besonderen Momente zu sein.<\/p>\n\n\n\n<p>&nbsp;Bestellen Sie noch heute und schenken Sie Ihren Liebsten die Sch\u00f6nheit und den Zauber der Blumen!<\/p>\n<\/blockquote>\n","protected":false},"excerpt":{"rendered":"<p>Heiligenberg str.2634134 kassel Wo die Sch\u00f6nheit der Blumen lebendig wird Bei Florist Boutique glauben wir, dass jede Blume eine Geschichte erz\u00e4hlt und jeder Blumenstrau\u00df eine Botschaft des Herzens ist. Von Anfang an ist unser Ziel nicht nur der Verkauf von Blumen, sondern das Schaffen unvergesslicher Erlebnisse f\u00fcr Sie und Ihre Liebsten. Mit Liebe, Sorgfalt und [&hellip;]<\/p>\n","protected":false},"author":1,"featured_media":0,"parent":0,"menu_order":0,"comment_status":"closed","ping_status":"open","template":"","meta":{"_uag_custom_page_level_css":"","_themeisle_gutenberg_block_has_review":false,"footnotes":""},"class_list":["post-2","page","type-page","status-publish","hentry"],"uagb_featured_image_src":{"full":false,"thumbnail":false,"medium":false,"medium_large":false,"large":false,"1536x1536":false,"2048x2048":false,"woocommerce_thumbnail":false,"woocommerce_single":false,"woocommerce_gallery_thumbnail":false},"uagb_author_info":{"display_name":"admin","author_link":"https:\/\/rosa.iq-sbs.de\/?author=1"},"uagb_comment_info":0,"uagb_excerpt":"Heiligenberg str.2634134 kassel Wo die Sch\u00f6nheit der Blumen lebendig wird Bei Florist Boutique glauben wir, dass jede Blume eine Geschichte erz\u00e4hlt und jeder Blumenstrau\u00df eine Botschaft des Herzens ist. Von Anfang an ist unser Ziel nicht nur der Verkauf von Blumen, sondern das Schaffen unvergesslicher Erlebnisse f\u00fcr Sie und Ihre Liebsten. Mit Liebe, Sorgfalt und&hellip;","_links":{"self":[{"href":"https:\/\/rosa.iq-sbs.de\/index.php?rest_route=\/wp\/v2\/pages\/2","targetHints":{"allow":["GET"]}}],"collection":[{"href":"https:\/\/rosa.iq-sbs.de\/index.php?rest_route=\/wp\/v2\/pages"}],"about":[{"href":"https:\/\/rosa.iq-sbs.de\/index.php?rest_route=\/wp\/v2\/types\/page"}],"author":[{"embeddable":true,"href":"https:\/\/rosa.iq-sbs.de\/index.php?rest_route=\/wp\/v2\/users\/1"}],"replies":[{"embeddable":true,"href":"https:\/\/rosa.iq-sbs.de\/index.php?rest_route=%2Fwp%2Fv2%2Fcomments&post=2"}],"version-history":[{"count":8,"href":"https:\/\/rosa.iq-sbs.de\/index.php?rest_route=\/wp\/v2\/pages\/2\/revisions"}],"predecessor-version":[{"id":253,"href":"https:\/\/rosa.iq-sbs.de\/index.php?rest_route=\/wp\/v2\/pages\/2\/revisions\/253"}],"wp:attachment":[{"href":"https:\/\/rosa.iq-sbs.de\/index.php?rest_route=%2Fwp%2Fv2%2Fmedia&parent=2"}],"curies":[{"name":"wp","href":"https:\/\/api.w.org\/{rel}","templated":true}]}}